{"id":68,"date":"2020-03-12T10:46:25","date_gmt":"2020-03-12T09:46:25","guid":{"rendered":"https:\/\/www.lukramedia.sk\/?page_id=68"},"modified":"2020-03-16T15:30:23","modified_gmt":"2020-03-16T14:30:23","slug":"kontakt","status":"publish","type":"page","link":"https:\/\/www.lukramedia.sk\/?page_id=68","title":{"rendered":"Kontakt"},"content":{"rendered":"\n<p class=\"has-medium-font-size\"><strong>Ing. \u013dubom\u00edr Kraj\u010d\u00edrovi\u010d &#8211; LUKRA MEDIA<\/strong><\/p>\n\n\n\n<p><em><span><b>Autorizovan\u00fd <\/b><\/span><strong>projektant elektro<\/strong><\/em><\/p>\n\n\n\n<h5>I\u010cO: 41467931<br>DI\u010c: 1073934356<\/h5>\n\n\n\n<div class=\"wp-block-columns\">\n<div class=\"wp-block-column\" style=\"flex-basis:33.33%\">\n<p>Adresa: \u010cATAJ 216<br>Obec: \u010cataj<br>PS\u010c: 90083<\/p>\n<\/div>\n\n\n\n<div class=\"wp-block-column\" style=\"flex-basis:66.66%\">\n<figure><iframe style=\"border: 0;\" tabindex=\"0\" src=\"https:\/\/www.google.com\/maps\/embed?pb=!1m18!1m12!1m3!1d2655.595628169975!2d17.475121116408125!3d48.272155879234546!2m3!1f0!2f0!3f0!3m2!1i1024!2i768!4f13.1!3m3!1m2!1s0x476c9e79a076d145%3A0xfc8b2bbf400ccc93!2zWsOhaHJhZG7DoSAyMTYsIDkwMCA4MyDEjGF0YWo!5e0!3m2!1ssk!2ssk!4v1584113505453!5m2!1ssk!2ssk\" width=\"600\" height=\"450\" frameborder=\"0\" allowfullscreen=\"allowfullscreen\" aria-hidden=\"false\"><\/iframe><\/figure>\n<\/div>\n<\/div>\n\n\n\n<p>Mobil: +421904398348<\/p>\n\n\n\n<p> Email No 1: <a href=\"mailto:krajcirovic@lukramedia.sk\">krajcirovic@lukramedia.sk<\/a>  <\/p>\n\n\n\n<p> Email No 2: <a href=\"mailto:l.krajcirovic@gmail.com\">l.krajcirovic@gmail.com   <\/a><\/p>\n\n\n\n<p class=\"has-medium-font-size\">Nev\u00e1hajte N\u00e1s v pr\u00edpade potreby kontaktova\u0165.<\/p>\n\n\n<div class=\"wpforms-container wpforms-container-full\" id=\"wpforms-88\"><form id=\"wpforms-form-88\" class=\"wpforms-validate wpforms-form\" data-formid=\"88\" method=\"post\" enctype=\"multipart\/form-data\" action=\"\/index.php?rest_route=%2Fwp%2Fv2%2Fpages%2F68\" data-token=\"5367bc325e80872bba10100d65a4e251\"><noscript class=\"wpforms-error-noscript\">Please enable JavaScript in your browser to complete this form.<\/noscript><div class=\"wpforms-field-container\"><div id=\"wpforms-88-field_0-container\" class=\"wpforms-field wpforms-field-name\" data-field-id=\"0\"><label class=\"wpforms-field-label\" for=\"wpforms-88-field_0\">Meno a Priezvisko <span class=\"wpforms-required-label\">*<\/span><\/label><div class=\"wpforms-field-row wpforms-field-medium\"><div class=\"wpforms-field-row-block wpforms-first wpforms-one-half\"><input type=\"text\" id=\"wpforms-88-field_0\" class=\"wpforms-field-name-first wpforms-field-required\" name=\"wpforms[fields][0][first]\" required><label for=\"wpforms-88-field_0\" class=\"wpforms-field-sublabel after \">First<\/label><\/div><div class=\"wpforms-field-row-block wpforms-one-half\"><input type=\"text\" id=\"wpforms-88-field_0-last\" class=\"wpforms-field-name-last wpforms-field-required\" name=\"wpforms[fields][0][last]\" required><label for=\"wpforms-88-field_0-last\" class=\"wpforms-field-sublabel after \">Last<\/label><\/div><\/div><\/div><div id=\"wpforms-88-field_1-container\" class=\"wpforms-field wpforms-field-email\" data-field-id=\"1\"><label class=\"wpforms-field-label\" for=\"wpforms-88-field_1\">V\u00e1\u0161 Email <span class=\"wpforms-required-label\">*<\/span><\/label><input type=\"email\" id=\"wpforms-88-field_1\" class=\"wpforms-field-medium wpforms-field-required\" name=\"wpforms[fields][1]\" required><\/div><div id=\"wpforms-88-field_6-container\" class=\"wpforms-field wpforms-field-number\" data-field-id=\"6\"><label class=\"wpforms-field-label\" for=\"wpforms-88-field_6\">Va\u0161e telef\u00f3nne \u010d\u00edslo<\/label><input type=\"number\" pattern=\"\\d*\" id=\"wpforms-88-field_6\" class=\"wpforms-field-medium\" name=\"wpforms[fields][6]\" ><\/div><div id=\"wpforms-88-field_2-container\" class=\"wpforms-field wpforms-field-textarea\" data-field-id=\"2\"><label class=\"wpforms-field-label\" for=\"wpforms-88-field_2\">Odkaz spr\u00e1vy <span class=\"wpforms-required-label\">*<\/span><\/label><textarea id=\"wpforms-88-field_2\" class=\"wpforms-field-medium wpforms-field-required\" name=\"wpforms[fields][2]\" required><\/textarea><\/div><\/div><div class=\"wpforms-field wpforms-field-hp\"><label for=\"wpforms-88-field-hp\" class=\"wpforms-field-label\">Message<\/label><input type=\"text\" name=\"wpforms[hp]\" id=\"wpforms-88-field-hp\" class=\"wpforms-field-medium\"><\/div><div class=\"wpforms-submit-container\" ><input type=\"hidden\" name=\"wpforms[id]\" value=\"88\"><input type=\"hidden\" name=\"wpforms[author]\" value=\"1\"><button type=\"submit\" name=\"wpforms[submit]\" class=\"wpforms-submit \" id=\"wpforms-submit-88\" value=\"wpforms-submit\" aria-live=\"assertive\" data-alt-text=\"Sending...\" data-submit-text=\"Submit\">Submit<\/button><\/div><\/form><\/div>  <!-- .wpforms-container -->","protected":false},"excerpt":{"rendered":"<p>Ing. \u013dubom\u00edr Kraj\u010d\u00edrovi\u010d &#8211; LUKRA MEDIA Autorizovan\u00fd projektant elektro I\u010cO: 41467931DI\u010c: 1073934356 Adresa: \u010cATAJ 216Obec: \u010catajPS\u010c: 90083 Mobil: +421904398348 Email No 1: krajcirovic@lukramedia.sk Email No 2: l.krajcirovic@gmail.com Nev\u00e1hajte N\u00e1s v pr\u00edpade potreby kontaktova\u0165.<\/p>\n","protected":false},"author":1,"featured_media":0,"parent":0,"menu_order":0,"comment_status":"closed","ping_status":"closed","template":"","meta":[],"yoast_head":"<!-- This site is optimized with the Yoast SEO plugin v14.9 - https:\/\/yoast.com\/wordpress\/plugins\/seo\/ -->\n<title>Kontakt - Projekcia Elektro<\/title>\n<meta name=\"description\" content=\"Firma zaoberaj\u00faca sa projektovan\u00edm a in\u017einierskymi slu\u017ebami v oblasti Elektro. Projekty elektro, n\u00e1vrh osvetlenia, NN, VN rozvody a Bleskozvody.\" \/>\n<meta name=\"robots\" content=\"index, follow, max-snippet:-1, max-image-preview:large, max-video-preview:-1\" \/>\n<link rel=\"canonical\" href=\"https:\/\/www.lukramedia.sk\/?page_id=68\" \/>\n<meta property=\"og:locale\" content=\"sk_SK\" \/>\n<meta property=\"og:type\" content=\"article\" \/>\n<meta property=\"og:title\" content=\"Kontakt - Projekcia Elektro\" \/>\n<meta property=\"og:description\" content=\"Firma zaoberaj\u00faca sa projektovan\u00edm a in\u017einierskymi slu\u017ebami v oblasti Elektro. Projekty elektro, n\u00e1vrh osvetlenia, NN, VN rozvody a Bleskozvody.\" \/>\n<meta property=\"og:url\" content=\"https:\/\/www.lukramedia.sk\/?page_id=68\" \/>\n<meta property=\"og:site_name\" content=\"Projekcia Elektro\" \/>\n<meta property=\"article:publisher\" content=\"https:\/\/www.facebook.com\/lubomir.krajcirovic\" \/>\n<meta property=\"article:modified_time\" content=\"2020-03-16T14:30:23+00:00\" \/>\n<meta name=\"twitter:card\" content=\"summary_large_image\" \/>\n<script type=\"application\/ld+json\" class=\"yoast-schema-graph\">{\"@context\":\"https:\/\/schema.org\",\"@graph\":[{\"@type\":\"Organization\",\"@id\":\"https:\/\/www.lukramedia.sk\/#organization\",\"name\":\"\\u013dubom\\u00edr Kraj\\u010d\\u00edrovi\\u010d - LUKRA MEDIA\",\"url\":\"https:\/\/www.lukramedia.sk\/\",\"sameAs\":[\"https:\/\/www.facebook.com\/lubomir.krajcirovic\"],\"logo\":{\"@type\":\"ImageObject\",\"@id\":\"https:\/\/www.lukramedia.sk\/#logo\",\"inLanguage\":\"sk-SK\",\"url\":\"https:\/\/www.lukramedia.sk\/wp-content\/uploads\/2020\/03\/lukramedia.jpg\",\"width\":1139,\"height\":625,\"caption\":\"\\u013dubom\\u00edr Kraj\\u010d\\u00edrovi\\u010d - LUKRA MEDIA\"},\"image\":{\"@id\":\"https:\/\/www.lukramedia.sk\/#logo\"}},{\"@type\":\"WebSite\",\"@id\":\"https:\/\/www.lukramedia.sk\/#website\",\"url\":\"https:\/\/www.lukramedia.sk\/\",\"name\":\"Projekcia Elektro\",\"description\":\"Projek\\u010dn\\u00e9 a in\\u017einierske slu\\u017eby v elektrotechnike\",\"publisher\":{\"@id\":\"https:\/\/www.lukramedia.sk\/#organization\"},\"potentialAction\":[{\"@type\":\"SearchAction\",\"target\":\"https:\/\/www.lukramedia.sk\/?s={search_term_string}\",\"query-input\":\"required name=search_term_string\"}],\"inLanguage\":\"sk-SK\"},{\"@type\":\"WebPage\",\"@id\":\"https:\/\/www.lukramedia.sk\/?page_id=68#webpage\",\"url\":\"https:\/\/www.lukramedia.sk\/?page_id=68\",\"name\":\"Kontakt - Projekcia Elektro\",\"isPartOf\":{\"@id\":\"https:\/\/www.lukramedia.sk\/#website\"},\"datePublished\":\"2020-03-12T09:46:25+00:00\",\"dateModified\":\"2020-03-16T14:30:23+00:00\",\"description\":\"Firma zaoberaj\\u00faca sa projektovan\\u00edm a in\\u017einierskymi slu\\u017ebami v oblasti Elektro. Projekty elektro, n\\u00e1vrh osvetlenia, NN, VN rozvody a Bleskozvody.\",\"inLanguage\":\"sk-SK\",\"potentialAction\":[{\"@type\":\"ReadAction\",\"target\":[\"https:\/\/www.lukramedia.sk\/?page_id=68\"]}]}]}<\/script>\n<!-- \/ Yoast SEO plugin. -->","_links":{"self":[{"href":"https:\/\/www.lukramedia.sk\/index.php?rest_route=\/wp\/v2\/pages\/68"}],"collection":[{"href":"https:\/\/www.lukramedia.sk\/index.php?rest_route=\/wp\/v2\/pages"}],"about":[{"href":"https:\/\/www.lukramedia.sk\/index.php?rest_route=\/wp\/v2\/types\/page"}],"author":[{"embeddable":true,"href":"https:\/\/www.lukramedia.sk\/index.php?rest_route=\/wp\/v2\/users\/1"}],"replies":[{"embeddable":true,"href":"https:\/\/www.lukramedia.sk\/index.php?rest_route=%2Fwp%2Fv2%2Fcomments&post=68"}],"version-history":[{"count":5,"href":"https:\/\/www.lukramedia.sk\/index.php?rest_route=\/wp\/v2\/pages\/68\/revisions"}],"predecessor-version":[{"id":161,"href":"https:\/\/www.lukramedia.sk\/index.php?rest_route=\/wp\/v2\/pages\/68\/revisions\/161"}],"wp:attachment":[{"href":"https:\/\/www.lukramedia.sk\/index.php?rest_route=%2Fwp%2Fv2%2Fmedia&parent=68"}],"curies":[{"name":"wp","href":"https:\/\/api.w.org\/{rel}","templated":true}]}}